{"id":4090,"date":"2025-11-02T17:08:22","date_gmt":"2025-11-02T17:08:22","guid":{"rendered":"https:\/\/instinct-koa.fr\/?page_id=4090"},"modified":"2025-11-03T00:19:09","modified_gmt":"2025-11-03T00:19:09","slug":"carte-cadeau","status":"publish","type":"page","link":"https:\/\/instinct-koa.fr\/index.php\/carte-cadeau\/","title":{"rendered":"Carte cadeau"},"content":{"rendered":"\t\t<div data-elementor-type=\"wp-page\" data-elementor-id=\"4090\" class=\"elementor elementor-4090\">\n\t\t\t\t<div class=\"elementor-element elementor-element-928624c elementor-hidden-tablet elementor-hidden-mobile_extra elementor-hidden-mobile e-flex e-con-boxed lakit-col-width-auto-no lakit-has-entrance-animation e-container e-root-container elementor-top-section e-con e-parent\" data-id=\"928624c\" data-element_type=\"container\" data-settings=\"{&quot;background_background&quot;:&quot;classic&quot;,&quot;animation&quot;:&quot;none&quot;}\">\n\t\t\t\t\t<div class=\"e-con-inner\">\n\t\t<div class=\"elementor-element elementor-element-2d87957 e-con-full e-flex lakit-col-width-auto-no lakit-has-entrance-animation e-container e-con e-child\" data-id=\"2d87957\" data-element_type=\"container\" data-settings=\"{&quot;animation&quot;:&quot;none&quot;,&quot;animation_delay&quot;:400}\">\n\t\t\t\t<div class=\"elementor-element elementor-element-243202c lakit-has-entrance-animation elementor-widget elementor-widget-heading\" data-id=\"243202c\" data-element_type=\"widget\" data-settings=\"{&quot;_animation&quot;:&quot;none&quot;}\" data-widget_type=\"heading.default\">\n\t\t\t\t\t<h2 class=\"elementor-heading-title elementor-size-default\">La carte cadeau Instinct Ko\u0101<\/h2>\t\t\t\t<\/div>\n\t\t\t\t<div class=\"elementor-element elementor-element-8ee27c7 elementor-widget__width-initial lakit-has-entrance-animation elementor-widget elementor-widget-heading\" data-id=\"8ee27c7\" data-element_type=\"widget\" data-settings=\"{&quot;_animation&quot;:&quot;none&quot;}\" data-widget_type=\"heading.default\">\n\t\t\t\t\t<h1 class=\"elementor-heading-title elementor-size-default\"><p style=\"margin-bottom: 1em;font-style: normal;font-weight: 400;font-size: 15px;margin-block-end: 6px;text-align: left\"><\/p>Offrez \u00e0 de jeunes parents un moment d'apaisement autour des soins de leur b\u00e9b\u00e9 pour les aider \u00e0 vivre cette exp\u00e9rience de la plus belle des fa\u00e7ons.<br>D\u00e8s r\u00e9ception de votre message, je vous ferai parvenir mes informations Paypal ou mon RIB pour effectuer le r\u00e8glement par virement. <br>Vous aurez la possibilit\u00e9 de choisir entre une carte num\u00e9rique \u00e0 recevoir par e-mail, ou une carte papier que vous recevrez par courrier.<\/h1>\t\t\t\t<\/div>\n\t\t\t\t<\/div>\n\t\t\t\t\t<\/div>\n\t\t\t\t<\/div>\n\t\t<div class=\"elementor-element elementor-element-daab039 elementor-hidden-desktop elementor-hidden-mobile_extra elementor-hidden-mobile e-flex e-con-boxed lakit-col-width-auto-no lakit-has-entrance-animation e-container e-root-container elementor-top-section e-con e-parent\" data-id=\"daab039\" data-element_type=\"container\" data-settings=\"{&quot;background_background&quot;:&quot;classic&quot;,&quot;animation&quot;:&quot;none&quot;}\">\n\t\t\t\t\t<div class=\"e-con-inner\">\n\t\t<div class=\"elementor-element elementor-element-6717efe e-con-full e-flex lakit-col-width-auto-no lakit-has-entrance-animation e-container e-con e-child\" data-id=\"6717efe\" data-element_type=\"container\" data-settings=\"{&quot;animation&quot;:&quot;none&quot;,&quot;animation_delay&quot;:400}\">\n\t\t\t\t<div class=\"elementor-element elementor-element-99da32f lakit-has-entrance-animation elementor-widget elementor-widget-heading\" data-id=\"99da32f\" data-element_type=\"widget\" data-settings=\"{&quot;_animation&quot;:&quot;none&quot;}\" data-widget_type=\"heading.default\">\n\t\t\t\t\t<h2 class=\"elementor-heading-title elementor-size-default\">La carte cadeau Instinct Ko\u0101<\/h2>\t\t\t\t<\/div>\n\t\t\t\t<div class=\"elementor-element elementor-element-4f05696 elementor-widget__width-initial lakit-has-entrance-animation elementor-widget elementor-widget-heading\" data-id=\"4f05696\" data-element_type=\"widget\" data-settings=\"{&quot;_animation&quot;:&quot;none&quot;}\" data-widget_type=\"heading.default\">\n\t\t\t\t\t<h1 class=\"elementor-heading-title elementor-size-default\"><p style=\"margin-bottom: 1em;font-style: normal;font-weight: 400;font-size: 15px;margin-block-end: 6px;text-align: left\"><\/p>Offrez \u00e0 de jeunes parents un moment d'apaisement autour des soins de leur b\u00e9b\u00e9 pour les aider \u00e0 vivre cette exp\u00e9rience de la plus belle des fa\u00e7ons.<br>D\u00e8s r\u00e9ception de votre message, je vous ferai parvenir mes informations Paypal ou mon RIB pour effectuer le r\u00e8glement par virement. <br>Vous aurez la possibilit\u00e9 de choisir entre une carte num\u00e9rique \u00e0 recevoir par e-mail, ou une carte papier que vous recevrez par courrier.<\/h1>\t\t\t\t<\/div>\n\t\t\t\t<\/div>\n\t\t\t\t\t<\/div>\n\t\t\t\t<\/div>\n\t\t<div class=\"elementor-element elementor-element-2ef0b56 elementor-hidden-desktop elementor-hidden-tablet elementor-hidden-mobile e-flex e-con-boxed lakit-col-width-auto-no lakit-has-entrance-animation e-container e-root-container elementor-top-section e-con e-parent\" data-id=\"2ef0b56\" data-element_type=\"container\" data-settings=\"{&quot;background_background&quot;:&quot;classic&quot;,&quot;animation&quot;:&quot;none&quot;}\">\n\t\t\t\t\t<div class=\"e-con-inner\">\n\t\t<div class=\"elementor-element elementor-element-142d92a e-con-full e-flex lakit-col-width-auto-no lakit-has-entrance-animation e-container e-con e-child\" data-id=\"142d92a\" data-element_type=\"container\" data-settings=\"{&quot;animation&quot;:&quot;none&quot;,&quot;animation_delay&quot;:400}\">\n\t\t\t\t<div class=\"elementor-element elementor-element-81bcf97 elementor-widget-mobile_extra__width-initial lakit-has-entrance-animation elementor-widget elementor-widget-heading\" data-id=\"81bcf97\" data-element_type=\"widget\" data-settings=\"{&quot;_animation&quot;:&quot;none&quot;}\" data-widget_type=\"heading.default\">\n\t\t\t\t\t<h2 class=\"elementor-heading-title elementor-size-default\">La carte cadeau Instinct Ko\u0101<\/h2>\t\t\t\t<\/div>\n\t\t\t\t<div class=\"elementor-element elementor-element-2bc3197 elementor-widget__width-initial lakit-has-entrance-animation elementor-widget elementor-widget-heading\" data-id=\"2bc3197\" data-element_type=\"widget\" data-settings=\"{&quot;_animation&quot;:&quot;none&quot;}\" data-widget_type=\"heading.default\">\n\t\t\t\t\t<h1 class=\"elementor-heading-title elementor-size-default\"><p style=\"margin-bottom: 1em;font-style: normal;font-weight: 400;font-size: 15px;margin-block-end: 6px;text-align: left\"><\/p>Offrez \u00e0 de jeunes parents un moment d'apaisement autour des soins de leur b\u00e9b\u00e9 pour les aider \u00e0 vivre cette exp\u00e9rience de la plus belle des fa\u00e7ons.<br>D\u00e8s r\u00e9ception de votre message, je vous ferai parvenir mes informations Paypal ou mon RIB pour effectuer le r\u00e8glement par virement. <br>Vous aurez la possibilit\u00e9 de choisir entre une carte num\u00e9rique \u00e0 recevoir par e-mail, ou une carte papier que vous recevrez par courrier.<\/h1>\t\t\t\t<\/div>\n\t\t\t\t<\/div>\n\t\t\t\t\t<\/div>\n\t\t\t\t<\/div>\n\t\t<div class=\"elementor-element elementor-element-19734ce elementor-hidden-desktop elementor-hidden-tablet elementor-hidden-mobile_extra e-flex e-con-boxed lakit-col-width-auto-no lakit-has-entrance-animation e-container e-root-container elementor-top-section e-con e-parent\" data-id=\"19734ce\" data-element_type=\"container\" data-settings=\"{&quot;background_background&quot;:&quot;classic&quot;,&quot;animation&quot;:&quot;none&quot;}\">\n\t\t\t\t\t<div class=\"e-con-inner\">\n\t\t<div class=\"elementor-element elementor-element-9a92024 e-con-full e-flex lakit-col-width-auto-no lakit-has-entrance-animation e-container e-con e-child\" data-id=\"9a92024\" data-element_type=\"container\" data-settings=\"{&quot;animation&quot;:&quot;none&quot;,&quot;animation_delay&quot;:400}\">\n\t\t\t\t<div class=\"elementor-element elementor-element-e9c550d elementor-widget-mobile_extra__width-initial lakit-has-entrance-animation elementor-widget elementor-widget-heading\" data-id=\"e9c550d\" data-element_type=\"widget\" data-settings=\"{&quot;_animation&quot;:&quot;none&quot;}\" data-widget_type=\"heading.default\">\n\t\t\t\t\t<h2 class=\"elementor-heading-title elementor-size-default\">La carte cadeau Instinct Ko\u0101<\/h2>\t\t\t\t<\/div>\n\t\t\t\t<div class=\"elementor-element elementor-element-a488c3a elementor-widget__width-initial lakit-has-entrance-animation elementor-widget elementor-widget-heading\" data-id=\"a488c3a\" data-element_type=\"widget\" data-settings=\"{&quot;_animation&quot;:&quot;none&quot;}\" data-widget_type=\"heading.default\">\n\t\t\t\t\t<h1 class=\"elementor-heading-title elementor-size-default\"><p style=\"margin-bottom: 1em;font-style: normal;font-weight: 400;font-size: 15px;margin-block-end: 6px;text-align: left\"><\/p>Offrez \u00e0 de jeunes parents un moment d'apaisement autour des soins de leur b\u00e9b\u00e9 pour les aider \u00e0 vivre cette exp\u00e9rience de la plus belle des fa\u00e7ons.<br>D\u00e8s r\u00e9ception de votre message, je vous ferai parvenir mes informations Paypal ou mon RIB pour effectuer le r\u00e8glement par virement. <br>Vous aurez la possibilit\u00e9 de choisir entre une carte num\u00e9rique \u00e0 recevoir par e-mail, ou une carte papier que vous recevrez par courrier.<\/h1>\t\t\t\t<\/div>\n\t\t\t\t<\/div>\n\t\t\t\t\t<\/div>\n\t\t\t\t<\/div>\n\t\t<div class=\"elementor-element elementor-element-903d10f e-flex e-con-boxed lakit-col-width-auto-no e-container e-root-container elementor-top-section e-con e-parent\" data-id=\"903d10f\" data-element_type=\"container\" data-settings=\"{&quot;background_background&quot;:&quot;classic&quot;}\">\n\t\t\t\t\t<div class=\"e-con-inner\">\n\t\t\t\t<div class=\"elementor-element elementor-element-d5a4eae bannerlist--preset-default lakit-has-entrance-animation elementor-widget lastudio-kit elementor-lakit-banner-list lakit-carousel-v2\" data-id=\"d5a4eae\" data-element_type=\"widget\" data-settings=\"{&quot;_animation&quot;:&quot;none&quot;}\" data-widget_type=\"lakit-banner-list.default\">\n\t\t\t\t\t\n<div class=\"lakit-bannerlist layout-type-flat preset-default\" data-item_selector=\".lakit-bannerlist__item\" >\n        <div class=\"lakit-bannerlist__list_wrapper\">\n        <div class=\"lakit-bannerlist__list col-row\">\n            <div class=\"elementor-repeater-item-59261d5 lakit-bannerlist__item col-desk-4 col-tab-4 col-tabp-4\"><div class=\"lakit-bannerlist__inner\"><div class=\"lakit-bannerlist__link\"><div class=\"lakit-bannerlist__image\"><img loading=\"lazy\" decoding=\"async\" src=\"https:\/\/instinct-koa.fr\/wp-content\/uploads\/2025\/08\/soins.png\" loading=\"lazy\" class=\"lakit-bannerlist__image-instance\" width=\"500\" height=\"500\" alt=\"\" style=\"--img-height:500px\"><span class=\"banner--img-btn\"><\/span><\/div><div class=\"lakit-bannerlist__content\"><div class=\"lakit-bannerlist__content-inner\"><h5 class=\"lakit-bannerlist__title\" data-title=\"Soins du nouveau-n\u00e9 : 50\u20ac\">Soins du nouveau-n\u00e9 : 50\u20ac <\/h5><div class=\"lakit-bannerlist__desc\"><p>Un rendez-vous d&#8217;1h avec l&#8217;auxiliaire de pu\u00e9riculture, pour soutenir les nouveaux parents lors des premiers soins au retour de la maternit\u00e9.<\/p><\/div><div class=\"lakit-bannerlist__btn_wrap\"><a href=\"https:\/\/instinct-koa.fr\/index.php\/soins\" class=\"elementor-button lakit-bannerlist__btn\">En savoir plus sur les soins<\/a><\/div><\/div><\/div><\/div><\/div><\/div><div class=\"elementor-repeater-item-b5f21ae lakit-bannerlist__item col-desk-4 col-tab-4 col-tabp-4\"><div class=\"lakit-bannerlist__inner\"><div class=\"lakit-bannerlist__link\"><div class=\"lakit-bannerlist__image\"><img loading=\"lazy\" decoding=\"async\" src=\"https:\/\/instinct-koa.fr\/wp-content\/uploads\/2025\/08\/allaitement.png\" loading=\"lazy\" class=\"lakit-bannerlist__image-instance\" width=\"500\" height=\"500\" alt=\"\" style=\"--img-height:500px\"><span class=\"banner--img-btn\"><\/span><\/div><div class=\"lakit-bannerlist__content\"><div class=\"lakit-bannerlist__content-inner\"><h5 class=\"lakit-bannerlist__title\" data-title=\"Soutien \u00e0 l&#039;allaitement : 50\u20ac\">Soutien \u00e0 l'allaitement : 50\u20ac<\/h5><div class=\"lakit-bannerlist__desc\"><p>Un rendez-vous d&#8217;1h d\u00e9di\u00e9 \u00e0 l&#8217;accompagnement des m\u00e8res qui allaitent, pour r\u00e9pondre \u00e0 leurs besoins et difficult\u00e9s tout au long de leur aventure lact\u00e9e.\u00a0<\/p><\/div><div class=\"lakit-bannerlist__btn_wrap\"><a href=\"https:\/\/instinct-koa.fr\/index.php\/allaitement\" class=\"elementor-button lakit-bannerlist__btn\">En savoir plus sur l'allaitement<\/a><\/div><\/div><\/div><\/div><\/div><\/div><div class=\"elementor-repeater-item-8aff80e lakit-bannerlist__item col-desk-4 col-tab-4 col-tabp-4\"><div class=\"lakit-bannerlist__inner\"><div class=\"lakit-bannerlist__link\"><div class=\"lakit-bannerlist__image\"><img loading=\"lazy\" decoding=\"async\" src=\"https:\/\/instinct-koa.fr\/wp-content\/uploads\/2025\/08\/bain.png\" loading=\"lazy\" class=\"lakit-bannerlist__image-instance\" width=\"500\" height=\"500\" alt=\"\" style=\"--img-height:500px\"><span class=\"banner--img-btn\"><\/span><\/div><div class=\"lakit-bannerlist__content\"><div class=\"lakit-bannerlist__content-inner\"><h5 class=\"lakit-bannerlist__title\" data-title=\"Autour du bain : 70\u20ac\">Autour du bain : 70\u20ac<\/h5><div class=\"lakit-bannerlist__desc\"><p>1h30 de douceur, pour red\u00e9couvrir les gestes du bain de b\u00e9b\u00e9 et explorer le bain envelopp\u00e9, reconnu pour ses bienfaits apaisants et s\u00e9curisants.<\/p><\/div><div class=\"lakit-bannerlist__btn_wrap\"><a href=\"https:\/\/instinct-koa.fr\/index.php\/bain\" class=\"elementor-button lakit-bannerlist__btn\">En savoir plus sur le bain<\/a><\/div><\/div><\/div><\/div><\/div><\/div><div class=\"elementor-repeater-item-dd55bef lakit-bannerlist__item col-desk-4 col-tab-4 col-tabp-4\"><div class=\"lakit-bannerlist__inner\"><div class=\"lakit-bannerlist__link\"><div class=\"lakit-bannerlist__image\"><img loading=\"lazy\" decoding=\"async\" src=\"https:\/\/instinct-koa.fr\/wp-content\/uploads\/2025\/08\/sommeil.png\" loading=\"lazy\" class=\"lakit-bannerlist__image-instance\" width=\"500\" height=\"500\" alt=\"\" style=\"--img-height:500px\"><span class=\"banner--img-btn\"><\/span><\/div><div class=\"lakit-bannerlist__content\"><div class=\"lakit-bannerlist__content-inner\"><h5 class=\"lakit-bannerlist__title\" data-title=\"Sommeil de l&#039;enfant 0 \u00e0 3 ans : 80\u20ac\">Sommeil de l'enfant 0 \u00e0 3 ans : 80\u20ac<\/h5><div class=\"lakit-bannerlist__desc\"><p>Un rendez-vous d&#8217;1h30 pour analyser et aider les parents \u00e0 comprendre le sommeil de leur enfant, afin de retrouver s\u00e9r\u00e9nit\u00e9 et harmonie.<\/p><\/div><div class=\"lakit-bannerlist__btn_wrap\"><a href=\"https:\/\/instinct-koa.fr\/index.php\/sommeil\" class=\"elementor-button lakit-bannerlist__btn\">En savoir plus sur le sommeil<\/a><\/div><\/div><\/div><\/div><\/div><\/div>        <\/div>\n    <\/div>\n    <\/div>\t\t\t\t<\/div>\n\t\t\t\t\t<\/div>\n\t\t\t\t<\/div>\n\t\t<div class=\"elementor-element elementor-element-c5b518c elementor-hidden-mobile e-flex e-con-boxed lakit-col-width-auto-no lakit-has-entrance-animation e-container e-root-container elementor-top-section e-con e-parent\" data-id=\"c5b518c\" data-element_type=\"container\" data-settings=\"{&quot;background_background&quot;:&quot;classic&quot;,&quot;animation&quot;:&quot;none&quot;}\">\n\t\t\t\t\t<div class=\"e-con-inner\">\n\t\t<div class=\"elementor-element elementor-element-f98de4b e-con-full e-flex lakit-col-width-auto-no lakit-has-entrance-animation e-container e-con e-child\" data-id=\"f98de4b\" data-element_type=\"container\" data-settings=\"{&quot;animation&quot;:&quot;none&quot;,&quot;animation_delay&quot;:400}\">\n\t\t\t\t<div class=\"elementor-element elementor-element-5432418 elementor-widget__width-initial lakit-has-entrance-animation elementor-widget elementor-widget-text-editor\" data-id=\"5432418\" data-element_type=\"widget\" data-settings=\"{&quot;_animation&quot;:&quot;none&quot;,&quot;_animation_delay&quot;:500}\" data-widget_type=\"text-editor.default\">\n\t\t\t\t\t\t\t\t\t<p><strong>Pour offrir la carte cadeau, remplissez le formulaire ci-dessous.<\/strong><\/p>\t\t\t\t\t\t\t\t<\/div>\n\t\t\t\t<div class=\"elementor-element elementor-element-d58ea78 elementor-widget__width-initial lakit-has-entrance-animation elementor-widget lastudio-kit elementor-lakit-contactform7\" data-id=\"d58ea78\" data-element_type=\"widget\" data-settings=\"{&quot;_animation&quot;:&quot;none&quot;}\" data-widget_type=\"lakit-contactform7.default\">\n\t\t\t\t\t\n<div class=\"wpcf7 no-js\" id=\"wpcf7-f4091-o1\" lang=\"fr-FR\" dir=\"ltr\" data-wpcf7-id=\"4091\">\n<div class=\"screen-reader-response\"><p role=\"status\" aria-live=\"polite\" aria-atomic=\"true\"><\/p> <ul><\/ul><\/div>\n<form action=\"\/index.php\/wp-json\/wp\/v2\/pages\/4090#wpcf7-f4091-o1\" method=\"post\" class=\"wpcf7-form init\" aria-label=\"Formulaire de contact\" novalidate=\"novalidate\" data-status=\"init\">\n<fieldset class=\"hidden-fields-container\"><input type=\"hidden\" name=\"_wpcf7\" value=\"4091\" \/><input type=\"hidden\" name=\"_wpcf7_version\" value=\"6.1.1\" \/><input type=\"hidden\" name=\"_wpcf7_locale\" value=\"fr_FR\" \/><input type=\"hidden\" name=\"_wpcf7_unit_tag\" value=\"wpcf7-f4091-o1\" \/><input type=\"hidden\" name=\"_wpcf7_container_post\" value=\"0\" \/><input type=\"hidden\" name=\"_wpcf7_posted_data_hash\" value=\"\" \/>\n<\/fieldset>\n<label> Quelle prestation souhaitez-vous offrir ?\n    <span class=\"wpcf7-form-control-wrap\" data-name=\"select-480\"><select class=\"wpcf7-form-control wpcf7-select wpcf7-validates-as-required\" aria-required=\"true\" aria-invalid=\"false\" name=\"select-480\"><option value=\"Soins du nouveau-n\u00e9 : 50\u20ac\">Soins du nouveau-n\u00e9 : 50\u20ac<\/option><option value=\"Soutien \u00e0 l&#039;allaitement : 50\u20ac\">Soutien \u00e0 l&#039;allaitement : 50\u20ac<\/option><option value=\"Autour du bain : 70\u20ac\">Autour du bain : 70\u20ac<\/option><option value=\"Consultation sommeil : 80\u20ac\">Consultation sommeil : 80\u20ac<\/option><\/select><\/span> <\/label>\n\n<label> Votre nom\n    <span class=\"wpcf7-form-control-wrap\" data-name=\"your-name\"><input size=\"40\" maxlength=\"400\" class=\"wpcf7-form-control wpcf7-text wpcf7-validates-as-required\" autocomplete=\"name\" aria-required=\"true\" aria-invalid=\"false\" value=\"\" type=\"text\" name=\"your-name\" \/><\/span> <\/label>\n\n<label> Le nom de la personne \u00e0 qui vous offrez la carte\n    <span class=\"wpcf7-form-control-wrap\" data-name=\"your-name\"><input size=\"40\" maxlength=\"400\" class=\"wpcf7-form-control wpcf7-text wpcf7-validates-as-required\" autocomplete=\"name\" aria-required=\"true\" aria-invalid=\"false\" value=\"\" type=\"text\" name=\"your-name\" \/><\/span> <\/label>\n\n<label> Votre e-mail\n    <span class=\"wpcf7-form-control-wrap\" data-name=\"your-email\"><input size=\"40\" maxlength=\"400\" class=\"wpcf7-form-control wpcf7-email wpcf7-validates-as-required wpcf7-text wpcf7-validates-as-email\" autocomplete=\"email\" aria-required=\"true\" aria-invalid=\"false\" value=\"\" type=\"email\" name=\"your-email\" \/><\/span> <\/label>\n\n<label> Votre message (facultatif)\n    <span class=\"wpcf7-form-control-wrap\" data-name=\"your-message\"><textarea cols=\"40\" rows=\"10\" maxlength=\"2000\" class=\"wpcf7-form-control wpcf7-textarea\" aria-invalid=\"false\" name=\"your-message\"><\/textarea><\/span> <\/label>\n\n<input class=\"wpcf7-form-control wpcf7-submit has-spinner\" type=\"submit\" value=\"Envoyer\" \/><p style=\"display: none !important;\" class=\"akismet-fields-container\" data-prefix=\"_wpcf7_ak_\"><label>&#916;<textarea name=\"_wpcf7_ak_hp_textarea\" cols=\"45\" rows=\"8\" maxlength=\"100\"><\/textarea><\/label><input type=\"hidden\" id=\"ak_js_1\" name=\"_wpcf7_ak_js\" value=\"94\"\/><script>document.getElementById( \"ak_js_1\" ).setAttribute( \"value\", ( new Date() ).getTime() );<\/script><\/p><div class=\"wpcf7-response-output\" aria-hidden=\"true\"><\/div>\n<\/form>\n<\/div>\n\t\t\t\t<\/div>\n\t\t\t\t<\/div>\n\t\t\t\t\t<\/div>\n\t\t\t\t<\/div>\n\t\t<div class=\"elementor-element elementor-element-4808ae3 elementor-hidden-desktop elementor-hidden-tablet elementor-hidden-mobile_extra e-flex e-con-boxed lakit-col-width-auto-no lakit-has-entrance-animation e-container e-root-container elementor-top-section e-con e-parent\" data-id=\"4808ae3\" data-element_type=\"container\" data-settings=\"{&quot;background_background&quot;:&quot;classic&quot;,&quot;animation&quot;:&quot;none&quot;}\">\n\t\t\t\t\t<div class=\"e-con-inner\">\n\t\t<div class=\"elementor-element elementor-element-3a132f7 e-con-full e-flex lakit-col-width-auto-no lakit-has-entrance-animation e-container e-con e-child\" data-id=\"3a132f7\" data-element_type=\"container\" data-settings=\"{&quot;animation&quot;:&quot;none&quot;,&quot;animation_delay&quot;:400}\">\n\t\t\t\t<div class=\"elementor-element elementor-element-d1e2ab4 elementor-widget__width-initial lakit-has-entrance-animation elementor-widget elementor-widget-text-editor\" data-id=\"d1e2ab4\" data-element_type=\"widget\" data-settings=\"{&quot;_animation&quot;:&quot;none&quot;,&quot;_animation_delay&quot;:500}\" data-widget_type=\"text-editor.default\">\n\t\t\t\t\t\t\t\t\t<p><strong>Pour offrir la carte cadeau, remplissez le formulaire ci-dessous.<\/strong><\/p>\t\t\t\t\t\t\t\t<\/div>\n\t\t\t\t<div class=\"elementor-element elementor-element-c901404 elementor-widget__width-initial lakit-has-entrance-animation elementor-widget lastudio-kit elementor-lakit-contactform7\" data-id=\"c901404\" data-element_type=\"widget\" data-settings=\"{&quot;_animation&quot;:&quot;none&quot;}\" data-widget_type=\"lakit-contactform7.default\">\n\t\t\t\t\t\n<div class=\"wpcf7 no-js\" id=\"wpcf7-f4091-o2\" lang=\"fr-FR\" dir=\"ltr\" data-wpcf7-id=\"4091\">\n<div class=\"screen-reader-response\"><p role=\"status\" aria-live=\"polite\" aria-atomic=\"true\"><\/p> <ul><\/ul><\/div>\n<form action=\"\/index.php\/wp-json\/wp\/v2\/pages\/4090#wpcf7-f4091-o2\" method=\"post\" class=\"wpcf7-form init\" aria-label=\"Formulaire de contact\" novalidate=\"novalidate\" data-status=\"init\">\n<fieldset class=\"hidden-fields-container\"><input type=\"hidden\" name=\"_wpcf7\" value=\"4091\" \/><input type=\"hidden\" name=\"_wpcf7_version\" value=\"6.1.1\" \/><input type=\"hidden\" name=\"_wpcf7_locale\" value=\"fr_FR\" \/><input type=\"hidden\" name=\"_wpcf7_unit_tag\" value=\"wpcf7-f4091-o2\" \/><input type=\"hidden\" name=\"_wpcf7_container_post\" value=\"0\" \/><input type=\"hidden\" name=\"_wpcf7_posted_data_hash\" value=\"\" \/>\n<\/fieldset>\n<label> Quelle prestation souhaitez-vous offrir ?\n    <span class=\"wpcf7-form-control-wrap\" data-name=\"select-480\"><select class=\"wpcf7-form-control wpcf7-select wpcf7-validates-as-required\" aria-required=\"true\" aria-invalid=\"false\" name=\"select-480\"><option value=\"Soins du nouveau-n\u00e9 : 50\u20ac\">Soins du nouveau-n\u00e9 : 50\u20ac<\/option><option value=\"Soutien \u00e0 l&#039;allaitement : 50\u20ac\">Soutien \u00e0 l&#039;allaitement : 50\u20ac<\/option><option value=\"Autour du bain : 70\u20ac\">Autour du bain : 70\u20ac<\/option><option value=\"Consultation sommeil : 80\u20ac\">Consultation sommeil : 80\u20ac<\/option><\/select><\/span> <\/label>\n\n<label> Votre nom\n    <span class=\"wpcf7-form-control-wrap\" data-name=\"your-name\"><input size=\"40\" maxlength=\"400\" class=\"wpcf7-form-control wpcf7-text wpcf7-validates-as-required\" autocomplete=\"name\" aria-required=\"true\" aria-invalid=\"false\" value=\"\" type=\"text\" name=\"your-name\" \/><\/span> <\/label>\n\n<label> Le nom de la personne \u00e0 qui vous offrez la carte\n    <span class=\"wpcf7-form-control-wrap\" data-name=\"your-name\"><input size=\"40\" maxlength=\"400\" class=\"wpcf7-form-control wpcf7-text wpcf7-validates-as-required\" autocomplete=\"name\" aria-required=\"true\" aria-invalid=\"false\" value=\"\" type=\"text\" name=\"your-name\" \/><\/span> <\/label>\n\n<label> Votre e-mail\n    <span class=\"wpcf7-form-control-wrap\" data-name=\"your-email\"><input size=\"40\" maxlength=\"400\" class=\"wpcf7-form-control wpcf7-email wpcf7-validates-as-required wpcf7-text wpcf7-validates-as-email\" autocomplete=\"email\" aria-required=\"true\" aria-invalid=\"false\" value=\"\" type=\"email\" name=\"your-email\" \/><\/span> <\/label>\n\n<label> Votre message (facultatif)\n    <span class=\"wpcf7-form-control-wrap\" data-name=\"your-message\"><textarea cols=\"40\" rows=\"10\" maxlength=\"2000\" class=\"wpcf7-form-control wpcf7-textarea\" aria-invalid=\"false\" name=\"your-message\"><\/textarea><\/span> <\/label>\n\n<input class=\"wpcf7-form-control wpcf7-submit has-spinner\" type=\"submit\" value=\"Envoyer\" \/><p style=\"display: none !important;\" class=\"akismet-fields-container\" data-prefix=\"_wpcf7_ak_\"><label>&#916;<textarea name=\"_wpcf7_ak_hp_textarea\" cols=\"45\" rows=\"8\" maxlength=\"100\"><\/textarea><\/label><input type=\"hidden\" id=\"ak_js_2\" name=\"_wpcf7_ak_js\" value=\"241\"\/><script>document.getElementById( \"ak_js_2\" ).setAttribute( \"value\", ( new Date() ).getTime() );<\/script><\/p><div class=\"wpcf7-response-output\" aria-hidden=\"true\"><\/div>\n<\/form>\n<\/div>\n\t\t\t\t<\/div>\n\t\t\t\t<\/div>\n\t\t\t\t\t<\/div>\n\t\t\t\t<\/div>\n\t\t\t\t<\/div>\n\t\t","protected":false},"excerpt":{"rendered":"<p>La carte cadeau Instinct Ko\u0101 Offrez \u00e0 de jeunes parents un moment d&#8217;apaisement autour des soins de leur b\u00e9b\u00e9 pour les aider \u00e0 vivre cette exp\u00e9rience de la plus belle des fa\u00e7ons.D\u00e8s r\u00e9ception de votre message, je vous ferai parvenir mes informations Paypal ou mon RIB pour effectuer le r\u00e8glement&hellip;<\/p>\n","protected":false},"author":1,"featured_media":0,"parent":0,"menu_order":0,"comment_status":"closed","ping_status":"closed","template":"","meta":{"give_campaign_id":0,"footnotes":""},"class_list":["post-4090","page","type-page","status-publish","hentry"],"campaignId":"","_links":{"self":[{"href":"https:\/\/instinct-koa.fr\/index.php\/wp-json\/wp\/v2\/pages\/4090","targetHints":{"allow":["GET"]}}],"collection":[{"href":"https:\/\/instinct-koa.fr\/index.php\/wp-json\/wp\/v2\/pages"}],"about":[{"href":"https:\/\/instinct-koa.fr\/index.php\/wp-json\/wp\/v2\/types\/page"}],"author":[{"embeddable":true,"href":"https:\/\/instinct-koa.fr\/index.php\/wp-json\/wp\/v2\/users\/1"}],"replies":[{"embeddable":true,"href":"https:\/\/instinct-koa.fr\/index.php\/wp-json\/wp\/v2\/comments?post=4090"}],"version-history":[{"count":52,"href":"https:\/\/instinct-koa.fr\/index.php\/wp-json\/wp\/v2\/pages\/4090\/revisions"}],"predecessor-version":[{"id":4214,"href":"https:\/\/instinct-koa.fr\/index.php\/wp-json\/wp\/v2\/pages\/4090\/revisions\/4214"}],"wp:attachment":[{"href":"https:\/\/instinct-koa.fr\/index.php\/wp-json\/wp\/v2\/media?parent=4090"}],"curies":[{"name":"wp","href":"https:\/\/api.w.org\/{rel}","templated":true}]}}